{"id":1444,"date":"2024-08-05T15:24:44","date_gmt":"2024-08-05T20:24:44","guid":{"rendered":"https:\/\/www.sabermassermas.com\/por-una-red-segura\/?page_id=1444"},"modified":"2024-08-05T15:24:48","modified_gmt":"2024-08-05T20:24:48","slug":"protegete-en-la-ciudad-2","status":"publish","type":"page","link":"https:\/\/www.sabermassermas.com\/por-una-red-segura\/protegete-en-la-ciudad-2\/","title":{"rendered":"Prot\u00e9gete en la ciudad"},"content":{"rendered":"\t\t<div data-elementor-type=\"wp-page\" data-elementor-id=\"1444\" class=\"elementor elementor-1444\" data-elementor-settings=\"[]\">\n\t\t\t\t\t\t<div class=\"elementor-inner\">\n\t\t\t\t\t\t\t<div class=\"elementor-section-wrap\">\n\t\t\t\t\t\t\t<section class=\"elementor-section elementor-top-section elementor-element elementor-element-efbf582 elementor-section-boxed elementor-section-height-default elementor-section-height-default\" data-id=\"efbf582\" data-element_type=\"section\">\n\t\t\t\t\t\t<div class=\"elementor-container elementor-column-gap-default\">\n\t\t\t\t\t\t\t<div class=\"elementor-row\">\n\t\t\t\t\t<div class=\"elementor-column elementor-col-100 elementor-top-column elementor-element elementor-element-c220155\" data-id=\"c220155\" data-element_type=\"column\">\n\t\t\t<div class=\"elementor-column-wrap elementor-element-populated\">\n\t\t\t\t\t\t\t<div class=\"elementor-widget-wrap\">\n\t\t\t\t\t\t<div class=\"elementor-element elementor-element-96efa37 elementor-widget elementor-widget-heading\" data-id=\"96efa37\" data-element_type=\"widget\" data-widget_type=\"heading.default\">\n\t\t\t\t<div class=\"elementor-widget-container\">\n\t\t\t<h2 class=\"elementor-heading-title elementor-size-default\">Prot\u00e9gete de fraudes financieros\n<\/h2>\t\t<\/div>\n\t\t\t\t<\/div>\n\t\t\t\t\t\t<\/div>\n\t\t\t\t\t<\/div>\n\t\t<\/div>\n\t\t\t\t\t\t\t\t<\/div>\n\t\t\t\t\t<\/div>\n\t\t<\/section>\n\t\t\t\t<section class=\"elementor-section elementor-top-section elementor-element elementor-element-e2e6cb0 elementor-hidden-desktop elementor-hidden-tablet elementor-hidden-phone elementor-section-boxed elementor-section-height-default elementor-section-height-default\" data-id=\"e2e6cb0\" data-element_type=\"section\">\n\t\t\t\t\t\t<div class=\"elementor-container elementor-column-gap-default\">\n\t\t\t\t\t\t\t<div class=\"elementor-row\">\n\t\t\t\t\t<div class=\"elementor-column elementor-col-100 elementor-top-column elementor-element elementor-element-c18913e\" data-id=\"c18913e\" data-element_type=\"column\">\n\t\t\t<div class=\"elementor-column-wrap\">\n\t\t\t\t\t\t\t<div class=\"elementor-widget-wrap\">\n\t\t\t\t\t\t\t\t<\/div>\n\t\t\t\t\t<\/div>\n\t\t<\/div>\n\t\t\t\t\t\t\t\t<\/div>\n\t\t\t\t\t<\/div>\n\t\t<\/section>\n\t\t\t\t<section class=\"elementor-section elementor-top-section elementor-element elementor-element-522db61 elementor-hidden-desktop elementor-hidden-tablet elementor-hidden-phone elementor-section-boxed elementor-section-height-default elementor-section-height-default\" data-id=\"522db61\" data-element_type=\"section\">\n\t\t\t\t\t\t<div class=\"elementor-container elementor-column-gap-default\">\n\t\t\t\t\t\t\t<div class=\"elementor-row\">\n\t\t\t\t\t<div class=\"elementor-column elementor-col-100 elementor-top-column elementor-element elementor-element-84c2d01\" data-id=\"84c2d01\" data-element_type=\"column\">\n\t\t\t<div class=\"elementor-column-wrap\">\n\t\t\t\t\t\t\t<div class=\"elementor-widget-wrap\">\n\t\t\t\t\t\t\t\t<\/div>\n\t\t\t\t\t<\/div>\n\t\t<\/div>\n\t\t\t\t\t\t\t\t<\/div>\n\t\t\t\t\t<\/div>\n\t\t<\/section>\n\t\t\t\t<section class=\"elementor-section elementor-top-section elementor-element elementor-element-8028529 elementor-section-boxed elementor-section-height-default elementor-section-height-default\" data-id=\"8028529\" data-element_type=\"section\" data-settings=\"{&quot;background_background&quot;:&quot;classic&quot;}\">\n\t\t\t\t\t\t<div class=\"elementor-container elementor-column-gap-default\">\n\t\t\t\t\t\t\t<div class=\"elementor-row\">\n\t\t\t\t\t<div class=\"elementor-column elementor-col-100 elementor-top-column elementor-element elementor-element-a894500\" data-id=\"a894500\" data-element_type=\"column\">\n\t\t\t<div class=\"elementor-column-wrap elementor-element-populated\">\n\t\t\t\t\t\t\t<div class=\"elementor-widget-wrap\">\n\t\t\t\t\t\t<div class=\"elementor-element elementor-element-d677f9f elementor-widget elementor-widget-heading\" data-id=\"d677f9f\" data-element_type=\"widget\" data-widget_type=\"heading.default\">\n\t\t\t\t<div class=\"elementor-widget-container\">\n\t\t\t<h3 class=\"elementor-heading-title elementor-size-default\">\u00bfQu\u00e9 hacer en caso de ser victima de fraude?<\/h3>\t\t<\/div>\n\t\t\t\t<\/div>\n\t\t\t\t<div class=\"elementor-element elementor-element-a252a5b elementor-widget elementor-widget-text-editor\" data-id=\"a252a5b\" data-element_type=\"widget\" data-widget_type=\"text-editor.default\">\n\t\t\t\t<div class=\"elementor-widget-container\">\n\t\t\t\t\t<div class=\"elementor-text-editor elementor-clearfix\"><p style=\"font-weight: 400;\">En caso de haber sido v\u00edctima de un delito bancario, ten en cuenta la siguiente informaci\u00f3n:<\/p><ul style=\"font-weight: 400;\"><li>Denuncia ante las autoridades competentes. Esta denuncia se puede hacer en l\u00ednea a trav\u00e9s del Sistema Nacional de Denuncia Virtual \u00a1A Denunciar! dispuesto por la Polic\u00eda Nacional y la Fiscal\u00eda General de la Naci\u00f3n. Entra a\u00a0<a href=\"https:\/\/adenunciar.policia.gov.co\/adenunciar\/\" data-saferedirecturl=\"https:\/\/www.google.com\/url?q=https:\/\/adenunciar.policia.gov.co\/adenunciar\/&amp;source=gmail&amp;ust=1601388158471000&amp;usg=AFQjCNGJovv7cx9nx4zqKo4ZCkXVbux_0Q\">https:\/\/adenunciar.policia.gov.co\/adenunciar\/<\/a>\u00a0y sigue los siguientes pasos:<ul><li>Selecciona DENUNCIA VIRTUAL y acepta los T\u00e9rminos y Condiciones.<\/li><li>Identifica el delito. Si fuiste v\u00edctima de fraude virtual elige DELITOS INFORM\u00c1TICOS.<\/li><li>Llena el formulario e informa los hechos lo m\u00e1s detallado posible.<\/li><\/ul><\/li><li>Si fuiste v\u00edctima de alg\u00fan delito relacionado con tus productos financieros, presenta la reclamaci\u00f3n ante el respectivo banco.<\/li><li>Si fuiste v\u00edctima de suplantaci\u00f3n de identidad ante alguna entidad financiera, env\u00eda un correo a\u00a0<a href=\"mailto:info@asobancaria.com\">info@asobancaria.com<\/a>\u00a0y solicita el formulario para reportar casos de suplantaci\u00f3n.<\/li><\/ul><\/div>\n\t\t\t\t<\/div>\n\t\t\t\t<\/div>\n\t\t\t\t\t\t<\/div>\n\t\t\t\t\t<\/div>\n\t\t<\/div>\n\t\t\t\t\t\t\t\t<\/div>\n\t\t\t\t\t<\/div>\n\t\t<\/section>\n\t\t\t\t<section class=\"elementor-section elementor-top-section elementor-element elementor-element-7cb1cb3 elementor-section-boxed elementor-section-height-default elementor-section-height-default\" data-id=\"7cb1cb3\" data-element_type=\"section\">\n\t\t\t\t\t\t<div class=\"elementor-container elementor-column-gap-default\">\n\t\t\t\t\t\t\t<div class=\"elementor-row\">\n\t\t\t\t\t<div class=\"elementor-column elementor-col-100 elementor-top-column elementor-element elementor-element-d9f984f\" data-id=\"d9f984f\" data-element_type=\"column\">\n\t\t\t<div class=\"elementor-column-wrap elementor-element-populated\">\n\t\t\t\t\t\t\t<div class=\"elementor-widget-wrap\">\n\t\t\t\t\t\t<div class=\"elementor-element elementor-element-d4ef54e elementor-widget elementor-widget-shortcode\" data-id=\"d4ef54e\" data-element_type=\"widget\" data-widget_type=\"shortcode.default\">\n\t\t\t\t<div class=\"elementor-widget-container\">\n\t\t\t\t\t<div class=\"elementor-shortcode\">\n<div class=\"wpcf7 no-js\" id=\"wpcf7-f1448-o1\" lang=\"es-CO\" dir=\"ltr\">\n<div class=\"screen-reader-response\"><p role=\"status\" aria-live=\"polite\" aria-atomic=\"true\"><\/p> <ul><\/ul><\/div>\n<form action=\"\/por-una-red-segura\/wp-json\/wp\/v2\/pages\/1444#wpcf7-f1448-o1\" method=\"post\" class=\"wpcf7-form init\" aria-label=\"Formulario de contacto\" enctype=\"multipart\/form-data\" novalidate=\"novalidate\" data-status=\"init\">\n<div style=\"display: none;\">\n<input type=\"hidden\" name=\"_wpcf7\" value=\"1448\" \/>\n<input type=\"hidden\" name=\"_wpcf7_version\" value=\"5.7.7\" \/>\n<input type=\"hidden\" name=\"_wpcf7_locale\" value=\"es_CO\" \/>\n<input type=\"hidden\" name=\"_wpcf7_unit_tag\" value=\"wpcf7-f1448-o1\" \/>\n<input type=\"hidden\" name=\"_wpcf7_container_post\" value=\"0\" \/>\n<input type=\"hidden\" name=\"_wpcf7_posted_data_hash\" value=\"\" \/>\n<\/div>\n<div class=\"campo\">\n\t<p><label> Fecha de diligenciamiento<\/label><br \/>\n<span class=\"wpcf7-form-control-wrap\" data-name=\"Fecha\"><input class=\"wpcf7-form-control wpcf7-date wpcf7-validates-as-required wpcf7-validates-as-date\" aria-required=\"true\" aria-invalid=\"false\" value=\"\" type=\"date\" name=\"Fecha\" \/><\/span>\n\t<\/p>\n<\/div>\n<div class=\"campo\">\n\t<p><label> Raz\u00f3n Social: <\/label><br \/>\n<span class=\"wpcf7-form-control-wrap\" data-name=\"razon-social\"><input size=\"40\" class=\"wpcf7-form-control wpcf7-text wpcf7-validates-as-required\" aria-required=\"true\" aria-invalid=\"false\" value=\"\" type=\"text\" name=\"razon-social\" \/><\/span>\n\t<\/p>\n<\/div>\n<div class=\"campo\">\n\t<p><label> Nit: <\/label><br \/>\n<span class=\"wpcf7-form-control-wrap\" data-name=\"Nit\"><input size=\"40\" class=\"wpcf7-form-control wpcf7-text wpcf7-validates-as-required\" aria-required=\"true\" aria-invalid=\"false\" value=\"\" type=\"text\" name=\"Nit\" \/><\/span>\n\t<\/p>\n<\/div>\n<div class=\"campo\">\n\t<p><label> Nombre Representante Legal<\/label><br \/>\n<span class=\"wpcf7-form-control-wrap\" data-name=\"Nombre-representante-legal\"><input size=\"40\" class=\"wpcf7-form-control wpcf7-text\" aria-invalid=\"false\" value=\"\" type=\"text\" name=\"Nombre-representante-legal\" \/><\/span>\n\t<\/p>\n<\/div>\n<div class=\"campo\">\n\t<p><label> Tel\u00e9fono fijo<\/label><br \/>\n<span class=\"wpcf7-form-control-wrap\" data-name=\"telefono-fijo\"><input size=\"40\" class=\"wpcf7-form-control wpcf7-text wpcf7-tel wpcf7-validates-as-required wpcf7-validates-as-tel\" aria-required=\"true\" aria-invalid=\"false\" value=\"\" type=\"tel\" name=\"telefono-fijo\" \/><\/span>\n\t<\/p>\n<\/div>\n<div class=\"campo\">\n\t<p><label> Tel\u00e9fono celular<\/label><br \/>\n<span class=\"wpcf7-form-control-wrap\" data-name=\"celular\"><input size=\"40\" class=\"wpcf7-form-control wpcf7-text wpcf7-tel wpcf7-validates-as-required wpcf7-validates-as-tel\" aria-required=\"true\" aria-invalid=\"false\" value=\"\" type=\"tel\" name=\"celular\" \/><\/span>\n\t<\/p>\n<\/div>\n<div class=\"campo\">\n\t<p><label> Direcci\u00f3n<\/label><br \/>\n<span class=\"wpcf7-form-control-wrap\" data-name=\"Direccion\"><input size=\"40\" class=\"wpcf7-form-control wpcf7-text wpcf7-validates-as-required\" aria-required=\"true\" aria-invalid=\"false\" value=\"\" type=\"text\" name=\"Direccion\" \/><\/span>\n\t<\/p>\n<\/div>\n<div class=\"campo\">\n\t<p><label> Fecha en que conoci\u00f3 de la suplantaci\u00f3n:<\/label><br \/>\n<span class=\"wpcf7-form-control-wrap\" data-name=\"Fecha-conocio-suplantacion\"><input class=\"wpcf7-form-control wpcf7-date wpcf7-validates-as-required wpcf7-validates-as-date\" aria-required=\"true\" aria-invalid=\"false\" value=\"\" type=\"date\" name=\"Fecha-conocio-suplantacion\" \/><\/span>\n\t<\/p>\n<\/div>\n<div class=\"campo\">\n\t<p><label> Fecha aproximada en la que suplantaron:<\/label><br \/>\n<span class=\"wpcf7-form-control-wrap\" data-name=\"Fecha-que-lo-suplantaron\"><input class=\"wpcf7-form-control wpcf7-date wpcf7-validates-as-required wpcf7-validates-as-date\" aria-required=\"true\" aria-invalid=\"false\" value=\"\" type=\"date\" name=\"Fecha-que-lo-suplantaron\" \/><\/span>\n\t<\/p>\n<\/div>\n<div class=\"campo\">\n\t<p><label> \u00bfEn qu\u00e9 empresa lo suplantaron?: <\/label><br \/>\n<span class=\"wpcf7-form-control-wrap\" data-name=\"empresa-que-lo-suplantaron\"><input size=\"40\" class=\"wpcf7-form-control wpcf7-text wpcf7-validates-as-required\" aria-required=\"true\" aria-invalid=\"false\" value=\"\" type=\"text\" name=\"empresa-que-lo-suplantaron\" \/><\/span>\n\t<\/p>\n<\/div>\n<div class=\"campo\">\n\t<p><label> \u00bfEn qu\u00e9 producto? <\/label><br \/>\n<span class=\"wpcf7-form-control-wrap\" data-name=\"Que-producto\"><input size=\"40\" class=\"wpcf7-form-control wpcf7-text wpcf7-validates-as-required\" aria-required=\"true\" aria-invalid=\"false\" value=\"\" type=\"text\" name=\"Que-producto\" \/><\/span>\n\t<\/p>\n<\/div>\n<div class=\"campo\">\n\t<p><label> Ciudad <\/label><br \/>\n<span class=\"wpcf7-form-control-wrap\" data-name=\"ciudad\"><input size=\"40\" class=\"wpcf7-form-control wpcf7-text wpcf7-validates-as-required\" aria-required=\"true\" aria-invalid=\"false\" value=\"\" type=\"text\" name=\"ciudad\" \/><\/span>\n\t<\/p>\n<\/div>\n<div class=\"campo\">\n\t<p><label> Oficina o sucursal:<\/label><br \/>\n<span class=\"wpcf7-form-control-wrap\" data-name=\"oficina-sucursal\"><input size=\"40\" class=\"wpcf7-form-control wpcf7-text wpcf7-validates-as-required\" aria-required=\"true\" aria-invalid=\"false\" value=\"\" type=\"text\" name=\"oficina-sucursal\" \/><\/span>\n\t<\/p>\n<\/div>\n<div class=\"campo\">\n\t<p><label> Si conoce el monto ind\u00edquelo:<\/label><br \/>\n<span class=\"wpcf7-form-control-wrap\" data-name=\"monto\"><input size=\"40\" class=\"wpcf7-form-control wpcf7-text wpcf7-validates-as-required\" aria-required=\"true\" aria-invalid=\"false\" value=\"\" type=\"text\" name=\"monto\" \/><\/span>\n\t<\/p>\n<\/div>\n<div class=\"campo\">\n\t<p><label> Tiene productos con entidades financieras:<\/label><br \/>\n<span class=\"wpcf7-form-control-wrap\" data-name=\"Producto1\"><input size=\"40\" class=\"wpcf7-form-control wpcf7-text\" aria-invalid=\"false\" value=\"Entidad\" type=\"text\" name=\"Producto1\" \/><\/span><br \/>\n<span class=\"wpcf7-form-control-wrap\" data-name=\"Producto2\"><input size=\"40\" class=\"wpcf7-form-control wpcf7-text\" aria-invalid=\"false\" value=\"Entidad\" type=\"text\" name=\"Producto2\" \/><\/span><br \/>\n<span class=\"wpcf7-form-control-wrap\" data-name=\"Producto3\"><input size=\"40\" class=\"wpcf7-form-control wpcf7-text\" aria-invalid=\"false\" value=\"Entidad\" type=\"text\" name=\"Producto3\" \/><\/span><br \/>\n<span class=\"wpcf7-form-control-wrap\" data-name=\"Producto4\"><input size=\"40\" class=\"wpcf7-form-control wpcf7-text\" aria-invalid=\"false\" value=\"Entidad\" type=\"text\" name=\"Producto4\" \/><\/span>\n\t<\/p>\n<\/div>\n<div>\n\t<p><label> Se anexan a este formulario los siguientes documentos:<\/label>\n\t<\/p>\n<\/div>\n<div class=\"campo\">\n\t<p><label>Carta autenticada dirigida a Asobancaria autoriz\u00e1ndola a publicar los datos allegados en el Bolet\u00edn de Seguridad <\/label><br \/>\n<span class=\"wpcf7-form-control-wrap\" data-name=\"Cartaautenticada\"><input size=\"40\" class=\"wpcf7-form-control wpcf7-file wpcf7-validates-as-required\" accept=\"audio\/*,video\/*,image\/*\" aria-required=\"true\" aria-invalid=\"false\" type=\"file\" name=\"Cartaautenticada\" \/><\/span>\n\t<\/p>\n<\/div>\n<div class=\"campo\">\n\t<p><label>Fotocopia de la denuncia ante la Fiscal\u00eda General de la Naci\u00f3n (Legible) <\/label><br \/>\n<span class=\"wpcf7-form-control-wrap\" data-name=\"fotocopia-denuncia\"><input size=\"40\" class=\"wpcf7-form-control wpcf7-file wpcf7-validates-as-required\" accept=\"audio\/*,video\/*,image\/*\" aria-required=\"true\" aria-invalid=\"false\" type=\"file\" name=\"fotocopia-denuncia\" \/><\/span>\n\t<\/p>\n<\/div>\n<div class=\"campo\">\n\t<p><label>Certificado, C\u00e1mara de Comercio vigente.<\/label><br \/>\n<span class=\"wpcf7-form-control-wrap\" data-name=\"camara-comercio\"><input size=\"40\" class=\"wpcf7-form-control wpcf7-file wpcf7-validates-as-required\" accept=\"audio\/*,video\/*,image\/*\" aria-required=\"true\" aria-invalid=\"false\" type=\"file\" name=\"camara-comercio\" \/><\/span>\n\t<\/p>\n<\/div>\n<div class=\"campo\">\n\t<p><label>Fotocopia del Rut Legible.<\/label><br \/>\n<span class=\"wpcf7-form-control-wrap\" data-name=\"rut\"><input size=\"40\" class=\"wpcf7-form-control wpcf7-file wpcf7-validates-as-required\" accept=\"audio\/*,video\/*,image\/*\" aria-required=\"true\" aria-invalid=\"false\" type=\"file\" name=\"rut\" \/><\/span>\n\t<\/p>\n<\/div>\n<div class=\"campo\">\n\t<p><label>Fotocopia de la c\u00e9dula de ciudadan\u00eda ampliada al 150% del Representante Legal.<\/label><br \/>\n<span class=\"wpcf7-form-control-wrap\" data-name=\"fotocopia-cedula\"><input size=\"40\" class=\"wpcf7-form-control wpcf7-file wpcf7-validates-as-required\" accept=\"audio\/*,video\/*,image\/*\" aria-required=\"true\" aria-invalid=\"false\" type=\"file\" name=\"fotocopia-cedula\" \/><\/span>\n\t<\/p>\n<\/div>\n<div class=\"campo\">\n\t<p><label>Otros <\/label><br \/>\n<span class=\"wpcf7-form-control-wrap\" data-name=\"otros\"><input size=\"40\" class=\"wpcf7-form-control wpcf7-file\" accept=\"audio\/*,video\/*,image\/*\" aria-invalid=\"false\" type=\"file\" name=\"otros\" \/><\/span>\n\t<\/p>\n<\/div>\n<p><span class=\"wpcf7-form-control-wrap\" data-name=\"acepta-terminos\"><span class=\"wpcf7-form-control wpcf7-checkbox wpcf7-validates-as-required\"><span class=\"wpcf7-list-item first last\"><label><input type=\"checkbox\" name=\"acepta-terminos[]\" value=\"Acepta t\u00e9rminos y condiciones\" \/><span class=\"wpcf7-list-item-label\">Acepta t\u00e9rminos y condiciones<\/span><\/label><\/span><\/span><\/span>\n<\/p>\n<p><input class=\"wpcf7-form-control has-spinner wpcf7-submit\" type=\"submit\" value=\"Enviar\" \/>\n<\/p><div class=\"wpcf7-response-output\" aria-hidden=\"true\"><\/div>\n<\/form>\n<\/div>\n<\/div>\n\t\t\t\t<\/div>\n\t\t\t\t<\/div>\n\t\t\t\t\t\t<\/div>\n\t\t\t\t\t<\/div>\n\t\t<\/div>\n\t\t\t\t\t\t\t\t<\/div>\n\t\t\t\t\t<\/div>\n\t\t<\/section>\n\t\t\t\t\t\t<\/div>\n\t\t\t\t\t\t<\/div>\n\t\t\t\t\t<\/div>\n\t\t","protected":false},"excerpt":{"rendered":"<p>Prot\u00e9gete de fraudes financieros \u00bfQu\u00e9 hacer en caso de ser victima de fraude? En caso de haber sido v\u00edctima de un delito bancario, ten en cuenta la siguiente informaci\u00f3n: Denuncia ante las autoridades competentes. Esta denuncia se puede hacer en l\u00ednea a trav\u00e9s del Sistema Nacional de Denuncia Virtual \u00a1A Denunciar! dispuesto por la Polic\u00eda [&hellip;]<\/p>\n","protected":false},"author":24,"featured_media":35,"parent":0,"menu_order":0,"comment_status":"closed","ping_status":"closed","template":"page-personalizado.php","meta":[],"categories":[3],"tags":[],"_links":{"self":[{"href":"https:\/\/www.sabermassermas.com\/por-una-red-segura\/wp-json\/wp\/v2\/pages\/1444"}],"collection":[{"href":"https:\/\/www.sabermassermas.com\/por-una-red-segura\/wp-json\/wp\/v2\/pages"}],"about":[{"href":"https:\/\/www.sabermassermas.com\/por-una-red-segura\/wp-json\/wp\/v2\/types\/page"}],"author":[{"embeddable":true,"href":"https:\/\/www.sabermassermas.com\/por-una-red-segura\/wp-json\/wp\/v2\/users\/24"}],"replies":[{"embeddable":true,"href":"https:\/\/www.sabermassermas.com\/por-una-red-segura\/wp-json\/wp\/v2\/comments?post=1444"}],"version-history":[{"count":9,"href":"https:\/\/www.sabermassermas.com\/por-una-red-segura\/wp-json\/wp\/v2\/pages\/1444\/revisions"}],"predecessor-version":[{"id":1457,"href":"https:\/\/www.sabermassermas.com\/por-una-red-segura\/wp-json\/wp\/v2\/pages\/1444\/revisions\/1457"}],"wp:featuredmedia":[{"embeddable":true,"href":"https:\/\/www.sabermassermas.com\/por-una-red-segura\/wp-json\/wp\/v2\/media\/35"}],"wp:attachment":[{"href":"https:\/\/www.sabermassermas.com\/por-una-red-segura\/wp-json\/wp\/v2\/media?parent=1444"}],"wp:term":[{"taxonomy":"category","embeddable":true,"href":"https:\/\/www.sabermassermas.com\/por-una-red-segura\/wp-json\/wp\/v2\/categories?post=1444"},{"taxonomy":"post_tag","embeddable":true,"href":"https:\/\/www.sabermassermas.com\/por-una-red-segura\/wp-json\/wp\/v2\/tags?post=1444"}],"curies":[{"name":"wp","href":"https:\/\/api.w.org\/{rel}","templated":true}]}}