{"id":373,"date":"2020-09-24T14:20:34","date_gmt":"2020-09-24T19:20:34","guid":{"rendered":"http:\/\/redsegura.indexcol.net\/?page_id=373"},"modified":"2023-03-02T14:42:02","modified_gmt":"2023-03-02T19:42:02","slug":"phishing","status":"publish","type":"page","link":"https:\/\/www.sabermassermas.com\/por-una-red-segura\/phishing\/","title":{"rendered":"Phishing"},"content":{"rendered":"\t\t<div data-elementor-type=\"wp-page\" data-elementor-id=\"373\" class=\"elementor elementor-373\" data-elementor-settings=\"[]\">\n\t\t\t\t\t\t<div class=\"elementor-inner\">\n\t\t\t\t\t\t\t<div class=\"elementor-section-wrap\">\n\t\t\t\t\t\t\t<section class=\"elementor-section elementor-top-section elementor-element elementor-element-f99359c elementor-hidden-desktop elementor-hidden-tablet elementor-hidden-phone elementor-section-boxed elementor-section-height-default elementor-section-height-default\" data-id=\"f99359c\" data-element_type=\"section\">\n\t\t\t\t\t\t<div class=\"elementor-container elementor-column-gap-default\">\n\t\t\t\t\t\t\t<div class=\"elementor-row\">\n\t\t\t\t\t<div class=\"elementor-column elementor-col-100 elementor-top-column elementor-element elementor-element-4fa4e74\" data-id=\"4fa4e74\" data-element_type=\"column\">\n\t\t\t<div class=\"elementor-column-wrap elementor-element-populated\">\n\t\t\t\t\t\t\t<div class=\"elementor-widget-wrap\">\n\t\t\t\t\t\t<div class=\"elementor-element elementor-element-4a07a3f elementor-aspect-ratio-169 elementor-widget elementor-widget-video\" data-id=\"4a07a3f\" data-element_type=\"widget\" data-settings=\"{&quot;aspect_ratio&quot;:&quot;169&quot;}\" data-widget_type=\"video.default\">\n\t\t\t\t<div class=\"elementor-widget-container\">\n\t\t\t\t\t<div class=\"elementor-wrapper elementor-fit-aspect-ratio elementor-open-inline\">\n\t\t\t<iframe class=\"elementor-video-iframe\" allowfullscreen title=\"Reproductor de v\u00eddeo youtube\" src=\"https:\/\/www.youtube.com\/embed\/NWEnqUy9SgQ?feature=oembed&amp;start&amp;end&amp;wmode=opaque&amp;loop=0&amp;controls=1&amp;mute=0&amp;rel=0&amp;modestbranding=0\"><\/iframe>\t\t<\/div>\n\t\t\t\t<\/div>\n\t\t\t\t<\/div>\n\t\t\t\t\t\t<\/div>\n\t\t\t\t\t<\/div>\n\t\t<\/div>\n\t\t\t\t\t\t\t\t<\/div>\n\t\t\t\t\t<\/div>\n\t\t<\/section>\n\t\t\t\t<section class=\"elementor-section elementor-top-section elementor-element elementor-element-9619ab2 elementor-section-boxed elementor-section-height-default elementor-section-height-default\" data-id=\"9619ab2\" data-element_type=\"section\">\n\t\t\t\t\t\t<div class=\"elementor-container elementor-column-gap-default\">\n\t\t\t\t\t\t\t<div class=\"elementor-row\">\n\t\t\t\t\t<div class=\"elementor-column elementor-col-100 elementor-top-column elementor-element elementor-element-3265c5d\" data-id=\"3265c5d\" data-element_type=\"column\">\n\t\t\t<div class=\"elementor-column-wrap elementor-element-populated\">\n\t\t\t\t\t\t\t<div class=\"elementor-widget-wrap\">\n\t\t\t\t\t\t<div class=\"elementor-element elementor-element-86af784 elementor-widget elementor-widget-heading\" data-id=\"86af784\" data-element_type=\"widget\" data-widget_type=\"heading.default\">\n\t\t\t\t<div class=\"elementor-widget-container\">\n\t\t\t<h3 class=\"elementor-heading-title elementor-size-medium\">Phishing, conocido como suplantaci\u00f3n de identidad o simplemente suplantador\n<\/h3>\t\t<\/div>\n\t\t\t\t<\/div>\n\t\t\t\t<div class=\"elementor-element elementor-element-bd91981 elementor-widget elementor-widget-text-editor\" data-id=\"bd91981\" data-element_type=\"widget\" data-widget_type=\"text-editor.default\">\n\t\t\t\t<div class=\"elementor-widget-container\">\n\t\t\t\t\t<div class=\"elementor-text-editor elementor-clearfix\"><p>Modalidad para el robo de informaci\u00f3n personal o financiera por medio de correos con enlaces hac\u00eda p\u00e1ginas web falsas.<\/p><p>Los delincuentes buscan enga\u00f1ar a las personas mediante correos electr\u00f3nicos falsos que suplantan a alguna entidad conocida, para redirigirlas a p\u00e1ginas web suplantadoras que les roban las credenciales de acceso (usuario y contrase\u00f1a).<\/p><p>El Centro Cibern\u00e9tico Policial de la Polic\u00eda Nacional de Colombia, Asobancaria e Incocr\u00e9dito recomiendan tomar las siguientes medidas preventivas para protegerse ante modalidades delictivas como el PHISHING:<\/p><\/div>\n\t\t\t\t<\/div>\n\t\t\t\t<\/div>\n\t\t\t\t\t\t<\/div>\n\t\t\t\t\t<\/div>\n\t\t<\/div>\n\t\t\t\t\t\t\t\t<\/div>\n\t\t\t\t\t<\/div>\n\t\t<\/section>\n\t\t\t\t<section class=\"elementor-section elementor-top-section elementor-element elementor-element-e2a9bf9 elementor-section-full_width elementor-section-stretched elementor-section-height-default elementor-section-height-default\" data-id=\"e2a9bf9\" data-element_type=\"section\" data-settings=\"{&quot;stretch_section&quot;:&quot;section-stretched&quot;}\">\n\t\t\t\t\t\t<div class=\"elementor-container elementor-column-gap-no\">\n\t\t\t\t\t\t\t<div class=\"elementor-row\">\n\t\t\t\t\t<div class=\"elementor-column elementor-col-100 elementor-top-column elementor-element elementor-element-608f252\" data-id=\"608f252\" data-element_type=\"column\">\n\t\t\t<div class=\"elementor-column-wrap elementor-element-populated\">\n\t\t\t\t\t\t\t<div class=\"elementor-widget-wrap\">\n\t\t\t\t\t\t<section class=\"elementor-section elementor-inner-section elementor-element elementor-element-db679ab elementor-section-boxed elementor-section-height-default elementor-section-height-default\" data-id=\"db679ab\" data-element_type=\"section\" data-settings=\"{&quot;background_background&quot;:&quot;classic&quot;}\">\n\t\t\t\t\t\t<div class=\"elementor-container elementor-column-gap-default\">\n\t\t\t\t\t\t\t<div class=\"elementor-row\">\n\t\t\t\t\t<div class=\"elementor-column elementor-col-50 elementor-inner-column elementor-element elementor-element-9bb3644\" data-id=\"9bb3644\" data-element_type=\"column\">\n\t\t\t<div class=\"elementor-column-wrap elementor-element-populated\">\n\t\t\t\t\t\t\t<div class=\"elementor-widget-wrap\">\n\t\t\t\t\t\t<div class=\"elementor-element elementor-element-8d4f42d elementor-position-left elementor-vertical-align-middle elementor-widget elementor-widget-image-box\" data-id=\"8d4f42d\" data-element_type=\"widget\" data-widget_type=\"image-box.default\">\n\t\t\t\t<div class=\"elementor-widget-container\">\n\t\t\t<div class=\"elementor-image-box-wrapper\"><figure class=\"elementor-image-box-img\"><img src=\"https:\/\/www.sabermassermas.com\/por-una-red-segura\/wp-content\/uploads\/elementor\/thumbs\/uno-qip6rz3aqtuolkaia5jo1inx07ne8qvurghxn42724.png\" title=\"uno\" alt=\"uno\" \/><\/figure><div class=\"elementor-image-box-content\"><p class=\"elementor-image-box-description\">Tenga en cuenta que la suplantaci\u00f3n web aplica para cualquier plataforma a la cual se acceda a trav\u00e9s de usuario y contrase\u00f1a.<\/p><\/div><\/div>\t\t<\/div>\n\t\t\t\t<\/div>\n\t\t\t\t<div class=\"elementor-element elementor-element-1e67f82 elementor-position-left elementor-vertical-align-middle elementor-widget elementor-widget-image-box\" data-id=\"1e67f82\" data-element_type=\"widget\" data-widget_type=\"image-box.default\">\n\t\t\t\t<div class=\"elementor-widget-container\">\n\t\t\t<div class=\"elementor-image-box-wrapper\"><figure class=\"elementor-image-box-img\"><img src=\"https:\/\/www.sabermassermas.com\/por-una-red-segura\/wp-content\/uploads\/elementor\/thumbs\/tres-qip6rz3aqtuolkaia5jo1inx07ne8qvurghxn42724.png\" title=\"tres\" alt=\"tres\" \/><\/figure><div class=\"elementor-image-box-content\"><p class=\"elementor-image-box-description\">Antes de ingresar su usuario y clave en la sucursal virtual de su entidad bancaria, aseg\u00farese de que la p\u00e1gina cuente con los protocolos de seguridad y que al principio del enlace diga https:\/\/.<\/p><\/div><\/div>\t\t<\/div>\n\t\t\t\t<\/div>\n\t\t\t\t<div class=\"elementor-element elementor-element-e63d2d8 elementor-position-left elementor-vertical-align-middle elementor-widget elementor-widget-image-box\" data-id=\"e63d2d8\" data-element_type=\"widget\" data-widget_type=\"image-box.default\">\n\t\t\t\t<div class=\"elementor-widget-container\">\n\t\t\t<div class=\"elementor-image-box-wrapper\"><figure class=\"elementor-image-box-img\"><img src=\"https:\/\/www.sabermassermas.com\/por-una-red-segura\/wp-content\/uploads\/elementor\/thumbs\/cinco-qip6rz3aqtuolkaia5jo1inx07ne8qvurghxn42724.png\" title=\"cinco\" alt=\"cinco\" \/><\/figure><div class=\"elementor-image-box-content\"><p class=\"elementor-image-box-description\">Evite ingresar a la sucursal virtual o sitios de comercio electr\u00f3nico desde enlaces o desde la lista de sitios favoritos del navegador. Escriba siempre el nombre del sitio web en la barra de direcci\u00f3n del explorador.<\/p><\/div><\/div>\t\t<\/div>\n\t\t\t\t<\/div>\n\t\t\t\t\t\t<\/div>\n\t\t\t\t\t<\/div>\n\t\t<\/div>\n\t\t\t\t<div class=\"elementor-column elementor-col-50 elementor-inner-column elementor-element elementor-element-015fda8\" data-id=\"015fda8\" data-element_type=\"column\">\n\t\t\t<div class=\"elementor-column-wrap elementor-element-populated\">\n\t\t\t\t\t\t\t<div class=\"elementor-widget-wrap\">\n\t\t\t\t\t\t<div class=\"elementor-element elementor-element-78e73f8 elementor-position-left elementor-vertical-align-middle elementor-widget elementor-widget-image-box\" data-id=\"78e73f8\" data-element_type=\"widget\" data-widget_type=\"image-box.default\">\n\t\t\t\t<div class=\"elementor-widget-container\">\n\t\t\t<div class=\"elementor-image-box-wrapper\"><figure class=\"elementor-image-box-img\"><img src=\"https:\/\/www.sabermassermas.com\/por-una-red-segura\/wp-content\/uploads\/elementor\/thumbs\/dos-qip6rz3aqtuolkaia5jo1inx07ne8qvurghxn42724.png\" title=\"dos\" alt=\"dos\" \/><\/figure><div class=\"elementor-image-box-content\"><p class=\"elementor-image-box-description\">Los bancos nunca solicitan informaci\u00f3n personal o financiera a trav\u00e9s de correos electr\u00f3nicos. Si recibe este tipo de correos ign\u00f3relos y elim\u00ednelos.\n<\/p><\/div><\/div>\t\t<\/div>\n\t\t\t\t<\/div>\n\t\t\t\t<div class=\"elementor-element elementor-element-82fe1e3 elementor-position-left elementor-vertical-align-middle elementor-widget elementor-widget-image-box\" data-id=\"82fe1e3\" data-element_type=\"widget\" data-widget_type=\"image-box.default\">\n\t\t\t\t<div class=\"elementor-widget-container\">\n\t\t\t<div class=\"elementor-image-box-wrapper\"><figure class=\"elementor-image-box-img\"><img src=\"https:\/\/www.sabermassermas.com\/por-una-red-segura\/wp-content\/uploads\/elementor\/thumbs\/4-qip6rz3aqtuolkaia5jo1inx07ne8qvurghxn42724.png\" title=\"4\" alt=\"4\" \/><\/figure><div class=\"elementor-image-box-content\"><p class=\"elementor-image-box-description\">Evite abrir mensajes de correo electr\u00f3nico no deseado o hacer clic en enlaces de p\u00e1ginas web sospechosas.<\/p><\/div><\/div>\t\t<\/div>\n\t\t\t\t<\/div>\n\t\t\t\t\t\t<\/div>\n\t\t\t\t\t<\/div>\n\t\t<\/div>\n\t\t\t\t\t\t\t\t<\/div>\n\t\t\t\t\t<\/div>\n\t\t<\/section>\n\t\t\t\t\t\t<\/div>\n\t\t\t\t\t<\/div>\n\t\t<\/div>\n\t\t\t\t\t\t\t\t<\/div>\n\t\t\t\t\t<\/div>\n\t\t<\/section>\n\t\t\t\t<section class=\"elementor-section elementor-top-section elementor-element elementor-element-9255755 elementor-section-boxed elementor-section-height-default elementor-section-height-default\" data-id=\"9255755\" data-element_type=\"section\">\n\t\t\t\t\t\t<div class=\"elementor-container elementor-column-gap-default\">\n\t\t\t\t\t\t\t<div class=\"elementor-row\">\n\t\t\t\t\t<div class=\"elementor-column elementor-col-100 elementor-top-column elementor-element elementor-element-2db4ae3\" data-id=\"2db4ae3\" data-element_type=\"column\">\n\t\t\t<div class=\"elementor-column-wrap elementor-element-populated\">\n\t\t\t\t\t\t\t<div class=\"elementor-widget-wrap\">\n\t\t\t\t\t\t<div class=\"elementor-element elementor-element-5f2b6dc elementor-widget elementor-widget-image\" data-id=\"5f2b6dc\" data-element_type=\"widget\" data-widget_type=\"image.default\">\n\t\t\t\t<div class=\"elementor-widget-container\">\n\t\t\t\t\t<div class=\"elementor-image\">\n\t\t\t\t\t\t\t\t\t\t<img width=\"1920\" height=\"1080\" src=\"https:\/\/www.sabermassermas.com\/por-una-red-segura\/wp-content\/uploads\/2023\/03\/20-11-ASO-infografias-seguridad-phishing-4.jpg\" class=\"attachment-full size-full\" alt=\"\" loading=\"lazy\" srcset=\"https:\/\/www.sabermassermas.com\/por-una-red-segura\/wp-content\/uploads\/2023\/03\/20-11-ASO-infografias-seguridad-phishing-4.jpg 1920w, https:\/\/www.sabermassermas.com\/por-una-red-segura\/wp-content\/uploads\/2023\/03\/20-11-ASO-infografias-seguridad-phishing-4-300x169.jpg 300w, https:\/\/www.sabermassermas.com\/por-una-red-segura\/wp-content\/uploads\/2023\/03\/20-11-ASO-infografias-seguridad-phishing-4-1024x576.jpg 1024w, https:\/\/www.sabermassermas.com\/por-una-red-segura\/wp-content\/uploads\/2023\/03\/20-11-ASO-infografias-seguridad-phishing-4-768x432.jpg 768w, https:\/\/www.sabermassermas.com\/por-una-red-segura\/wp-content\/uploads\/2023\/03\/20-11-ASO-infografias-seguridad-phishing-4-1536x864.jpg 1536w\" sizes=\"(max-width: 1920px) 100vw, 1920px\" \/>\t\t\t\t\t\t\t\t\t\t\t<\/div>\n\t\t\t\t<\/div>\n\t\t\t\t<\/div>\n\t\t\t\t\t\t<\/div>\n\t\t\t\t\t<\/div>\n\t\t<\/div>\n\t\t\t\t\t\t\t\t<\/div>\n\t\t\t\t\t<\/div>\n\t\t<\/section>\n\t\t\t\t<section class=\"elementor-section elementor-top-section elementor-element elementor-element-aced1c7 elementor-hidden-desktop elementor-hidden-tablet elementor-hidden-phone elementor-section-boxed elementor-section-height-default elementor-section-height-default\" data-id=\"aced1c7\" data-element_type=\"section\">\n\t\t\t\t\t\t<div class=\"elementor-container elementor-column-gap-default\">\n\t\t\t\t\t\t\t<div class=\"elementor-row\">\n\t\t\t\t\t<div class=\"elementor-column elementor-col-100 elementor-top-column elementor-element elementor-element-feba329\" data-id=\"feba329\" data-element_type=\"column\">\n\t\t\t<div class=\"elementor-column-wrap elementor-element-populated\">\n\t\t\t\t\t\t\t<div class=\"elementor-widget-wrap\">\n\t\t\t\t\t\t<div class=\"elementor-element elementor-element-a54443e elementor-widget elementor-widget-image\" data-id=\"a54443e\" data-element_type=\"widget\" data-widget_type=\"image.default\">\n\t\t\t\t<div class=\"elementor-widget-container\">\n\t\t\t\t\t<div class=\"elementor-image\">\n\t\t\t\t\t\t\t\t\t\t\t<a href=\"http:\/\/redsegura.indexcol.net\/wp-content\/uploads\/2020\/09\/PHISHING_INFOGRAFIA.jpg\" data-elementor-open-lightbox=\"yes\" data-elementor-lightbox-title=\"PHISHING_INFOGRAFIA\">\n\t\t\t\t\t\t\t<img width=\"1920\" height=\"1080\" src=\"https:\/\/www.sabermassermas.com\/por-una-red-segura\/wp-content\/uploads\/2020\/09\/PHISHING_INFOGRAFIA.jpg\" class=\"attachment-full size-full\" alt=\"\" loading=\"lazy\" srcset=\"https:\/\/www.sabermassermas.com\/por-una-red-segura\/wp-content\/uploads\/2020\/09\/PHISHING_INFOGRAFIA.jpg 1920w, https:\/\/www.sabermassermas.com\/por-una-red-segura\/wp-content\/uploads\/2020\/09\/PHISHING_INFOGRAFIA-300x169.jpg 300w, https:\/\/www.sabermassermas.com\/por-una-red-segura\/wp-content\/uploads\/2020\/09\/PHISHING_INFOGRAFIA-1024x576.jpg 1024w, https:\/\/www.sabermassermas.com\/por-una-red-segura\/wp-content\/uploads\/2020\/09\/PHISHING_INFOGRAFIA-768x432.jpg 768w, https:\/\/www.sabermassermas.com\/por-una-red-segura\/wp-content\/uploads\/2020\/09\/PHISHING_INFOGRAFIA-1536x864.jpg 1536w\" sizes=\"(max-width: 1920px) 100vw, 1920px\" \/>\t\t\t\t\t\t\t\t<\/a>\n\t\t\t\t\t\t\t\t\t\t\t<\/div>\n\t\t\t\t<\/div>\n\t\t\t\t<\/div>\n\t\t\t\t\t\t<\/div>\n\t\t\t\t\t<\/div>\n\t\t<\/div>\n\t\t\t\t\t\t\t\t<\/div>\n\t\t\t\t\t<\/div>\n\t\t<\/section>\n\t\t\t\t\t\t<\/div>\n\t\t\t\t\t\t<\/div>\n\t\t\t\t\t<\/div>\n\t\t","protected":false},"excerpt":{"rendered":"<p>Phishing, conocido como suplantaci\u00f3n de identidad o simplemente suplantador Modalidad para el robo de informaci\u00f3n personal o financiera por medio de correos con enlaces hac\u00eda p\u00e1ginas web falsas. Los delincuentes buscan enga\u00f1ar a las personas mediante correos electr\u00f3nicos falsos que suplantan a alguna entidad conocida, para redirigirlas a p\u00e1ginas web suplantadoras que les roban las [&hellip;]<\/p>\n","protected":false},"author":24,"featured_media":35,"parent":0,"menu_order":0,"comment_status":"closed","ping_status":"closed","template":"page-personalizado.php","meta":[],"categories":[],"tags":[],"_links":{"self":[{"href":"https:\/\/www.sabermassermas.com\/por-una-red-segura\/wp-json\/wp\/v2\/pages\/373"}],"collection":[{"href":"https:\/\/www.sabermassermas.com\/por-una-red-segura\/wp-json\/wp\/v2\/pages"}],"about":[{"href":"https:\/\/www.sabermassermas.com\/por-una-red-segura\/wp-json\/wp\/v2\/types\/page"}],"author":[{"embeddable":true,"href":"https:\/\/www.sabermassermas.com\/por-una-red-segura\/wp-json\/wp\/v2\/users\/24"}],"replies":[{"embeddable":true,"href":"https:\/\/www.sabermassermas.com\/por-una-red-segura\/wp-json\/wp\/v2\/comments?post=373"}],"version-history":[{"count":26,"href":"https:\/\/www.sabermassermas.com\/por-una-red-segura\/wp-json\/wp\/v2\/pages\/373\/revisions"}],"predecessor-version":[{"id":1198,"href":"https:\/\/www.sabermassermas.com\/por-una-red-segura\/wp-json\/wp\/v2\/pages\/373\/revisions\/1198"}],"wp:featuredmedia":[{"embeddable":true,"href":"https:\/\/www.sabermassermas.com\/por-una-red-segura\/wp-json\/wp\/v2\/media\/35"}],"wp:attachment":[{"href":"https:\/\/www.sabermassermas.com\/por-una-red-segura\/wp-json\/wp\/v2\/media?parent=373"}],"wp:term":[{"taxonomy":"category","embeddable":true,"href":"https:\/\/www.sabermassermas.com\/por-una-red-segura\/wp-json\/wp\/v2\/categories?post=373"},{"taxonomy":"post_tag","embeddable":true,"href":"https:\/\/www.sabermassermas.com\/por-una-red-segura\/wp-json\/wp\/v2\/tags?post=373"}],"curies":[{"name":"wp","href":"https:\/\/api.w.org\/{rel}","templated":true}]}}